{"id":4012,"date":"2024-04-10T06:14:51","date_gmt":"2024-04-10T06:14:51","guid":{"rendered":"https:\/\/lackschutz.ch\/page-daccueil\/"},"modified":"2025-10-24T04:52:00","modified_gmt":"2025-10-24T04:52:00","slug":"page-daccueil","status":"publish","type":"page","link":"https:\/\/lackschutz.ch\/fr\/","title":{"rendered":"Page d&rsquo;accueil"},"content":{"rendered":"\n\n\t\t\t\t<a href=\"https:\/\/lackschutz.ch\/\"  target=\"_self\" itemprop=\"url\">\n\t\t\t\t<img decoding=\"async\" src=\"https:\/\/lackschutz.ch\/wp-content\/uploads\/2024\/12\/Lackschutz_quer_weiss-1-300x74.png\" alt=\"Lackschutz_quer_weiss\" itemprop=\"image\" height=\"74\" width=\"300\" title=\"Lackschutz_quer_weiss\" onerror=\"this.style.display='none'\" loading=\"lazy\" \/>\n\t\t\t\t<\/a>\n\t\t\t<button tabindex=\"0\" aria-label=\"Menu\" aria-expanded=\"false\">\n\t\t\t\t\t\t\t<\/button>\n\t<nav aria-label=\"Menu\" itemscope=\"itemscope\" itemtype=\"https:\/\/schema.org\/SiteNavigationElement\">\n\t\t<ul id=\"menu-hauptmenue\"><li id=\"menu-item-63\"><a href=\"https:\/\/lackschutz.ch\/fr\/\" aria-current=\"page\">Page d&rsquo;accueil<\/a><\/li><li id=\"menu-item-61\"><a href=\"https:\/\/lackschutz.ch\/fr\/services\/\">Services<\/a><\/li><li id=\"menu-item-396\"><a href=\"#\">Galerie<\/a><ul>\t<li id=\"menu-item-394\"><a href=\"https:\/\/lackschutz.ch\/fr\/galerie\/\">Galerie<\/a><\/li>\t<li id=\"menu-item-395\"><a href=\"https:\/\/lackschutz.ch\/fr\/galerie-en-cours\/\">Galerie en cours<\/a><\/li><\/ul><\/li><li id=\"menu-item-62\"><a href=\"https:\/\/lackschutz.ch\/fr\/contact\/\">Contact<\/a><\/li><li id=\"menu-item-wpml-ls-6-fr\"><a href=\"https:\/\/lackschutz.ch\/fr\/\" role=\"menuitem\"><img decoding=\"async\" src=\"https:\/\/lackschutz.ch\/wp-content\/plugins\/sitepress-multilingual-cms\/res\/flags\/fr.svg\"\n            alt=\"\"\n    \/>Fran\u00e7ais<\/a><ul>\t<li id=\"menu-item-wpml-ls-6-en\"><a title=\"Passer \u00e0 Anglais(English)\" href=\"https:\/\/lackschutz.ch\/en\/\" aria-label=\"Passer \u00e0 Anglais(English)\" role=\"menuitem\"><img decoding=\"async\" src=\"https:\/\/lackschutz.ch\/wp-content\/plugins\/sitepress-multilingual-cms\/res\/flags\/en.svg\"\n            alt=\"\"\n    \/>English (Anglais)<\/a><\/li>\t<li id=\"menu-item-wpml-ls-6-de\"><a title=\"Passer \u00e0 Allemand(Deutsch)\" href=\"https:\/\/lackschutz.ch\/\" aria-label=\"Passer \u00e0 Allemand(Deutsch)\" role=\"menuitem\"><img decoding=\"async\" src=\"https:\/\/lackschutz.ch\/wp-content\/plugins\/sitepress-multilingual-cms\/res\/flags\/de.svg\"\n            alt=\"\"\n    \/>Deutsch (Allemand)<\/a><\/li>\t<li id=\"menu-item-wpml-ls-6-it\"><a title=\"Passer \u00e0 Italien(Italiano)\" href=\"https:\/\/lackschutz.ch\/it\/\" aria-label=\"Passer \u00e0 Italien(Italiano)\" role=\"menuitem\"><img decoding=\"async\" src=\"https:\/\/lackschutz.ch\/wp-content\/plugins\/sitepress-multilingual-cms\/res\/flags\/it.svg\"\n            alt=\"\"\n    \/>Italiano (Italien)<\/a><\/li><\/ul><\/li><\/ul>\t<\/nav>\n<h1>\n\t\t\tFilms de protection de peinture pour v\u00e9hicules et surfaces\t<\/h1>\n\t\t\t<img decoding=\"async\" loading=\"false\" src=\"https:\/\/lackschutz.ch\/wp-content\/uploads\/2025\/01\/lackschutz_foliencenter_progress_ppf_26.jpg\" alt=\"\" \/>\t\t\t\n\t\t\t<img decoding=\"async\" loading=\"false\" src=\"https:\/\/lackschutz.ch\/wp-content\/uploads\/2025\/01\/lackschutz_foliencenter_progress_ppf_18.jpg\" alt=\"\" \/>\t\t\t\n\t\t\t<img decoding=\"async\" loading=\"false\" src=\"https:\/\/lackschutz.ch\/wp-content\/uploads\/2025\/01\/lackschutz_foliencenter_progress_ppf_11.jpg\" alt=\"\" \/>\t\t\t\n\t\t\t<img decoding=\"async\" loading=\"false\" src=\"https:\/\/lackschutz.ch\/wp-content\/uploads\/2025\/01\/lackschutz_foliencenter_progress_ppf_24.jpg\" alt=\"\" \/>\t\t\t\n\t\t\t<img decoding=\"async\" loading=\"false\" src=\"https:\/\/lackschutz.ch\/wp-content\/uploads\/2025\/01\/lackschutz_foliencenter_progress_ppf_12.jpg\" alt=\"\" \/>\t\t\t\n\t\t\t\t<a href=\"#\" aria-label=\"previous\" role=\"button\">\n<\/a>\n\t\t\t\t<a href=\"#\" aria-label=\"next\" role=\"button\">\n<\/a>\n\t<p>Les films de protection de peinture prot\u00e8gent efficacement les surfaces contre les rayures, les projections de pierres et l&rsquo;usure, que ce soit au quotidien, dans le cadre d&rsquo;une activit\u00e9 commerciale ou d&rsquo;une course.<\/p>\n<p>Des films frontaux aux films partiels individuels en passant par la protection compl\u00e8te, nous proposons des solutions sur mesure pour chaque v\u00e9hicule. <\/p>\n<p>Dans le domaine de la restauration et de l&rsquo;h\u00f4tellerie, des films de protection de haute qualit\u00e9 prot\u00e8gent \u00e9galement les surfaces telles que les tables ou le marbre contre l&rsquo;usure et les dommages.<\/p>\n<h1>\n\t\t\tAcc\u00e8s &#8211; Comment nous trouver\t<\/h1>\n\t<ol>\n<li>via la Hertistrasse vers les halles industrielles d&rsquo;Aubrugg<\/li>\n<li>\u00e0 droite en direction du niveau sup\u00e9rieur (en raison du chantier actuel, il est possible que vous passiez par le d\u00e9p\u00f4t ERZ)<\/li>\n<li>vers la gauche au niveau sup\u00e9rieur<\/li>\n<li>au niveau sup\u00e9rieur, nous nous trouvons dans le dernier hall (Foliencenter Z\u00fcrich)<\/li>\n<\/ol>\n\t<p><iframe loading=\"lazy\" src=\"https:\/\/www.google.com\/maps\/embed?pb=!1m18!1m12!1m3!1d2699.922558016992!2d8.572681377098446!3d47.41345167117285!2m3!1f0!2f0!3f0!3m2!1i1024!2i768!4f13.1!3m3!1m2!1s0x479aa0689a363889%3A0x926fcc917e3fb843!2sFoliencenter%20Z%C3%BCrich!5e0!3m2!1sde!2sde!4v1732978892315!5m2!1sde!2sde\" width=\"1100\" height=\"450\" allowfullscreen=\"allowfullscreen\"><\/iframe><\/p>\n\n","protected":false},"excerpt":{"rendered":"<p>Page d&rsquo;accueil Services Galerie Galerie Galerie en cours Contact Fran\u00e7ais English (Anglais) Deutsch (Allemand) Italiano (Italien) Films de protection de peinture pour v\u00e9hicules et surfaces Les films de protection de peinture prot\u00e8gent efficacement les surfaces contre les rayures, les projections de pierres et l&rsquo;usure, que ce soit au quotidien, dans le cadre d&rsquo;une activit\u00e9 commerciale&hellip;<\/p>\n","protected":false},"author":1,"featured_media":0,"parent":0,"menu_order":0,"comment_status":"closed","ping_status":"closed","template":"","meta":{"footnotes":""},"class_list":["post-4012","page","type-page","status-publish","hentry"],"_links":{"self":[{"href":"https:\/\/lackschutz.ch\/fr\/wp-json\/wp\/v2\/pages\/4012","targetHints":{"allow":["GET"]}}],"collection":[{"href":"https:\/\/lackschutz.ch\/fr\/wp-json\/wp\/v2\/pages"}],"about":[{"href":"https:\/\/lackschutz.ch\/fr\/wp-json\/wp\/v2\/types\/page"}],"author":[{"embeddable":true,"href":"https:\/\/lackschutz.ch\/fr\/wp-json\/wp\/v2\/users\/1"}],"replies":[{"embeddable":true,"href":"https:\/\/lackschutz.ch\/fr\/wp-json\/wp\/v2\/comments?post=4012"}],"version-history":[{"count":2,"href":"https:\/\/lackschutz.ch\/fr\/wp-json\/wp\/v2\/pages\/4012\/revisions"}],"predecessor-version":[{"id":5215,"href":"https:\/\/lackschutz.ch\/fr\/wp-json\/wp\/v2\/pages\/4012\/revisions\/5215"}],"wp:attachment":[{"href":"https:\/\/lackschutz.ch\/fr\/wp-json\/wp\/v2\/media?parent=4012"}],"curies":[{"name":"wp","href":"https:\/\/api.w.org\/{rel}","templated":true}]}}