{"id":4009,"date":"2024-12-17T15:32:43","date_gmt":"2024-12-17T15:32:43","guid":{"rendered":"https:\/\/lackschutz.ch\/services\/"},"modified":"2025-01-28T08:19:30","modified_gmt":"2025-01-28T08:19:30","slug":"services","status":"publish","type":"page","link":"https:\/\/lackschutz.ch\/fr\/services\/","title":{"rendered":"Services"},"content":{"rendered":"\n\n\t\t\t\t<a href=\"https:\/\/lackschutz.ch\/\"  target=\"_self\" itemprop=\"url\">\n\t\t\t\t<img loading=\"lazy\" decoding=\"async\" src=\"https:\/\/lackschutz.ch\/wp-content\/uploads\/2024\/12\/Lackschutz_quer_weiss-1-300x74.png\" alt=\"Lackschutz_quer_weiss\" itemprop=\"image\" height=\"74\" width=\"300\" title=\"Lackschutz_quer_weiss\" onerror=\"this.style.display='none'\"  \/>\n\t\t\t\t<\/a>\n\t<nav aria-label=\"Menu\" itemscope=\"itemscope\" itemtype=\"https:\/\/schema.org\/SiteNavigationElement\">\n\t\t<ul id=\"menu-hauptmenue\"><li id=\"menu-item-63\"><a href=\"https:\/\/lackschutz.ch\/fr\/\">Page d&rsquo;accueil<\/a><\/li><li id=\"menu-item-61\"><a href=\"https:\/\/lackschutz.ch\/fr\/services\/\" aria-current=\"page\">Services<\/a><\/li><li id=\"menu-item-396\"><a href=\"#\">Galerie<\/a><ul>\t<li id=\"menu-item-394\"><a href=\"https:\/\/lackschutz.ch\/fr\/galerie\/\">Galerie<\/a><\/li>\t<li id=\"menu-item-395\"><a href=\"https:\/\/lackschutz.ch\/fr\/galerie-en-cours\/\">Galerie en cours<\/a><\/li><\/ul><\/li><li id=\"menu-item-62\"><a href=\"https:\/\/lackschutz.ch\/fr\/contact\/\">Contact<\/a><\/li><li id=\"menu-item-wpml-ls-6-fr\"><a title=\"Fran\u00e7ais\" href=\"https:\/\/lackschutz.ch\/fr\/services\/\"><img decoding=\"async\" src=\"https:\/\/lackschutz.ch\/wp-content\/plugins\/sitepress-multilingual-cms\/res\/flags\/fr.svg\"\n            alt=\"\"\n    \/>Fran\u00e7ais<\/a><ul>\t<li id=\"menu-item-wpml-ls-6-en\"><a title=\"Anglais\" href=\"https:\/\/lackschutz.ch\/en\/services\/\"><img decoding=\"async\" src=\"https:\/\/lackschutz.ch\/wp-content\/plugins\/sitepress-multilingual-cms\/res\/flags\/en.svg\"\n            alt=\"\"\n    \/>English (Anglais)<\/a><\/li>\t<li id=\"menu-item-wpml-ls-6-de\"><a title=\"Allemand\" href=\"https:\/\/lackschutz.ch\/leistungen\/\"><img decoding=\"async\" src=\"https:\/\/lackschutz.ch\/wp-content\/plugins\/sitepress-multilingual-cms\/res\/flags\/de.svg\"\n            alt=\"\"\n    \/>Deutsch (Allemand)<\/a><\/li>\t<li id=\"menu-item-wpml-ls-6-it\"><a title=\"Italien\" href=\"https:\/\/lackschutz.ch\/it\/servizi\/\"><img decoding=\"async\" src=\"https:\/\/lackschutz.ch\/wp-content\/plugins\/sitepress-multilingual-cms\/res\/flags\/it.svg\"\n            alt=\"\"\n    \/>Italiano (Italien)<\/a><\/li><\/ul><\/li><\/ul>\n\t\t\t<\/nav>\n\t\t\t<button tabindex=\"0\" aria-label=\"Menu\" aria-expanded=\"false\">\n\t\t\t\t\t\t\t<\/button>\n\t<nav aria-label=\"Menu\" itemscope=\"itemscope\" itemtype=\"https:\/\/schema.org\/SiteNavigationElement\">\n\t\t<ul id=\"menu-hauptmenue-1\"><li id=\"menu-item-63\"><a href=\"https:\/\/lackschutz.ch\/fr\/\">Page d&rsquo;accueil<\/a><\/li><li id=\"menu-item-61\"><a href=\"https:\/\/lackschutz.ch\/fr\/services\/\" aria-current=\"page\">Services<\/a><\/li><li id=\"menu-item-396\"><a href=\"#\">Galerie<\/a><ul>\t<li id=\"menu-item-394\"><a href=\"https:\/\/lackschutz.ch\/fr\/galerie\/\">Galerie<\/a><\/li>\t<li id=\"menu-item-395\"><a href=\"https:\/\/lackschutz.ch\/fr\/galerie-en-cours\/\">Galerie en cours<\/a><\/li><\/ul><\/li><li id=\"menu-item-62\"><a href=\"https:\/\/lackschutz.ch\/fr\/contact\/\">Contact<\/a><\/li><li id=\"menu-item-wpml-ls-6-fr\"><a title=\"Fran\u00e7ais\" href=\"https:\/\/lackschutz.ch\/fr\/services\/\"><img decoding=\"async\" src=\"https:\/\/lackschutz.ch\/wp-content\/plugins\/sitepress-multilingual-cms\/res\/flags\/fr.svg\"\n            alt=\"\"\n    \/>Fran\u00e7ais<\/a><ul>\t<li id=\"menu-item-wpml-ls-6-en\"><a title=\"Anglais\" href=\"https:\/\/lackschutz.ch\/en\/services\/\"><img decoding=\"async\" src=\"https:\/\/lackschutz.ch\/wp-content\/plugins\/sitepress-multilingual-cms\/res\/flags\/en.svg\"\n            alt=\"\"\n    \/>English (Anglais)<\/a><\/li>\t<li id=\"menu-item-wpml-ls-6-de\"><a title=\"Allemand\" href=\"https:\/\/lackschutz.ch\/leistungen\/\"><img decoding=\"async\" src=\"https:\/\/lackschutz.ch\/wp-content\/plugins\/sitepress-multilingual-cms\/res\/flags\/de.svg\"\n            alt=\"\"\n    \/>Deutsch (Allemand)<\/a><\/li>\t<li id=\"menu-item-wpml-ls-6-it\"><a title=\"Italien\" href=\"https:\/\/lackschutz.ch\/it\/servizi\/\"><img decoding=\"async\" src=\"https:\/\/lackschutz.ch\/wp-content\/plugins\/sitepress-multilingual-cms\/res\/flags\/it.svg\"\n            alt=\"\"\n    \/>Italiano (Italien)<\/a><\/li><\/ul><\/li><\/ul>\n\t\t\t<\/nav>\n<h3>\n\t\tProtection de la peinture Film avant\n\t<\/h3>\n\t<p>La solution parfaite pour prot\u00e9ger les zones les plus expos\u00e9es, comme le pare-chocs avant, le capot, les ailes et les fa\u00e7ades de r\u00e9troviseurs.<\/p>\n<p>Id\u00e9al pour le quotidien et les longs trajets.<\/p>\n\t\t\t\t<img loading=\"lazy\" decoding=\"async\" src=\"https:\/\/lackschutz.ch\/wp-content\/uploads\/2025\/01\/lackschutz_foliencenter_progress_ppf_31.jpg\" alt=\"Folierung Lackschutz \/ PPF\" itemprop=\"image\" height=\"768\" width=\"1024\" title=\"lackschutz_foliencenter_progress_ppf_31\" onerror=\"this.style.display='none'\"  \/>\n<h3>\n\t\tProtection de la peinture &#8211; filmage complet\n\t<\/h3>\n\t<p>Protection compl\u00e8te de la peinture pour l&rsquo;ensemble du v\u00e9hicule &#8211; id\u00e9al pour les voitures neuves, les v\u00e9hicules commerciaux ou les voitures de course.<\/p>\n<p>S\u00e9curit\u00e9 maximale et pr\u00e9servation de la valeur.<\/p>\n\t\t\t\t<img loading=\"lazy\" decoding=\"async\" src=\"https:\/\/lackschutz.ch\/wp-content\/uploads\/2025\/01\/lackschutz_foliencenter_progress_ppf_96.jpg\" alt=\"Folierung Lackschutz \/ PPF\" itemprop=\"image\" height=\"768\" width=\"1024\" title=\"lackschutz_foliencenter_progress_ppf_96\" onerror=\"this.style.display='none'\"  \/>\n<h3>\n\t\tProtection partielle de la peinture\n\t<\/h3>\n\t<p>Protection individuelle pour les zones particuli\u00e8rement expos\u00e9es, comme les seuils de chargement, les seuils de porte ou les parties des r\u00e9servoirs de moto.<\/p>\n<p>Sur mesure et efficace.<\/p>\n\t\t\t\t<img loading=\"lazy\" decoding=\"async\" src=\"https:\/\/lackschutz.ch\/wp-content\/uploads\/2024\/12\/IMG_2141-1024x768.jpg\" alt=\"lackschutz_ladekante\" itemprop=\"image\" height=\"768\" width=\"1024\" title=\"lackschutz_ladekante\" onerror=\"this.style.display='none'\"  \/>\n<h3>\n\t\tGastronomie et h\u00f4tellerie\n\t<\/h3>\n\t<p>Films de protection de haute qualit\u00e9 pour les tables, les comptoirs ou les surfaces en marbre.<\/p>\n<p>Pr\u00e9vient les rayures, les taches et l&rsquo;usure &#8211; durable et discret.<\/p>\n\t\t\t\t<img loading=\"lazy\" decoding=\"async\" src=\"https:\/\/lackschutz.ch\/wp-content\/uploads\/2024\/12\/designertisch.jpeg\" alt=\"lackschutz_designertisch\" itemprop=\"image\" height=\"480\" width=\"640\" title=\"lackschutz_designertisch\" onerror=\"this.style.display='none'\"  \/>\n<h3>\n\t\tAcc\u00e8s &#8211; Comment nous trouver\n\t<\/h3>\n\t<ol>\n<li>via la Hertistrasse vers les halles industrielles d&rsquo;Aubrugg<\/li>\n<li>\u00e0 droite en direction du niveau sup\u00e9rieur (en raison du chantier actuel, il est possible que vous passiez par le d\u00e9p\u00f4t ERZ)<\/li>\n<li>vers la gauche au niveau sup\u00e9rieur<\/li>\n<li>au niveau sup\u00e9rieur, nous nous trouvons dans le dernier hall (Foliencenter Z\u00fcrich)<\/li>\n<\/ol>\n\t<p><iframe loading=\"lazy\" src=\"https:\/\/www.google.com\/maps\/embed?pb=!1m18!1m12!1m3!1d2699.922558016992!2d8.572681377098446!3d47.41345167117285!2m3!1f0!2f0!3f0!3m2!1i1024!2i768!4f13.1!3m3!1m2!1s0x479aa0689a363889%3A0x926fcc917e3fb843!2sFoliencenter%20Z%C3%BCrich!5e0!3m2!1sde!2sde!4v1732978892315!5m2!1sde!2sde\" width=\"1100\" height=\"450\" allowfullscreen=\"allowfullscreen\"><\/iframe><\/p>\n\n","protected":false},"excerpt":{"rendered":"<p>Page d&rsquo;accueil Services Galerie Galerie Galerie en cours Contact Fran\u00e7ais English (Anglais) Deutsch (Allemand) Italiano (Italien) Page d&rsquo;accueil Services Galerie Galerie Galerie en cours Contact Fran\u00e7ais English (Anglais) Deutsch (Allemand) Italiano (Italien) Protection de la peinture Film avant La solution parfaite pour prot\u00e9ger les zones les plus expos\u00e9es, comme le pare-chocs avant, le capot, les&hellip;<\/p>\n","protected":false},"author":1,"featured_media":0,"parent":0,"menu_order":0,"comment_status":"closed","ping_status":"closed","template":"","meta":{"footnotes":""},"class_list":["post-4009","page","type-page","status-publish","hentry"],"_links":{"self":[{"href":"https:\/\/lackschutz.ch\/fr\/wp-json\/wp\/v2\/pages\/4009","targetHints":{"allow":["GET"]}}],"collection":[{"href":"https:\/\/lackschutz.ch\/fr\/wp-json\/wp\/v2\/pages"}],"about":[{"href":"https:\/\/lackschutz.ch\/fr\/wp-json\/wp\/v2\/types\/page"}],"author":[{"embeddable":true,"href":"https:\/\/lackschutz.ch\/fr\/wp-json\/wp\/v2\/users\/1"}],"replies":[{"embeddable":true,"href":"https:\/\/lackschutz.ch\/fr\/wp-json\/wp\/v2\/comments?post=4009"}],"version-history":[{"count":2,"href":"https:\/\/lackschutz.ch\/fr\/wp-json\/wp\/v2\/pages\/4009\/revisions"}],"predecessor-version":[{"id":4054,"href":"https:\/\/lackschutz.ch\/fr\/wp-json\/wp\/v2\/pages\/4009\/revisions\/4054"}],"wp:attachment":[{"href":"https:\/\/lackschutz.ch\/fr\/wp-json\/wp\/v2\/media?parent=4009"}],"curies":[{"name":"wp","href":"https:\/\/api.w.org\/{rel}","templated":true}]}}